{"id":2875,"date":"2020-06-06T11:43:42","date_gmt":"2020-06-06T09:43:42","guid":{"rendered":"http:\/\/pjcrpry.cluster031.hosting.ovh.net\/?page_id=2875"},"modified":"2020-09-10T11:24:59","modified_gmt":"2020-09-10T09:24:59","slug":"presse","status":"publish","type":"page","link":"https:\/\/sndll.info\/?page_id=2875","title":{"rendered":"Presse"},"content":{"rendered":"<p>[vc_row css=&#8221;.vc_custom_1591793679496{margin-top: 25px !important;}&#8221;][vc_column][vc_column_text]<\/p>\n<p style=\"text-align: center;\"><strong>Le Syndicat National des Discoth\u00e8ques et Lieux de Loisirs<\/strong> ainsi que sont pr\u00e9sident <strong>Patrick Malva\u00ebs<\/strong> sont apparus dans les publications suivantes. Cliques sur les liens pour lire les articles.<br \/>\n<em>(Certains articles peuvent \u00eatre reserv\u00e9s aux abonn\u00e9s des journaux)<\/em><\/p>\n<p>[\/vc_column_text][vc_row_inner][vc_column_inner width=&#8221;1\/3&#8243;][\/vc_column_inner][vc_column_inner width=&#8221;1\/3&#8243;][vc_single_image image=&#8221;3381&#8243; img_size=&#8221;medium&#8221; alignment=&#8221;center&#8221; onclick=&#8221;custom_link&#8221; img_link_target=&#8221;_blank&#8221; link=&#8221;https:\/\/sndll.info\/?p=3248&#8243;][vc_empty_space height=&#8221;18px&#8221;][vc_column_text]<\/p>\n<h6 style=\"text-align: center;\"><a href=\"https:\/\/www.lejdd.fr\/Culture\/malgre-le-deconfinement-le-monde-de-la-nuit-dans-lincertitude-3970906\" target=\"_blank\" rel=\"noopener noreferrer\">PATRICK MALVA\u00cbS EN DIRECT: AIDES MAIS PAS DE R\u00c9OUVERTURE EN VUE<\/a><\/h6>\n<p>[\/vc_column_text][\/vc_column_inner][vc_column_inner width=&#8221;1\/3&#8243;][\/vc_column_inner][\/vc_row_inner][vc_row_inner][vc_column_inner width=&#8221;1\/4&#8243;][vc_single_image image=&#8221;2876&#8243; img_size=&#8221;medium&#8221; alignment=&#8221;center&#8221; onclick=&#8221;custom_link&#8221; img_link_target=&#8221;_blank&#8221; link=&#8221;https:\/\/www.pressreader.com\/france\/le-parisien-paris\/20200527\/281977494829014&#8243;][vc_column_text]<\/p>\n<h6 style=\"text-align: center;\"><a href=\"https:\/\/www.pressreader.com\/france\/le-parisien-paris\/20200527\/281977494829014\" target=\"_blank\" rel=\"noopener noreferrer\">IL FAUT SAUVER LES DISCOTH\u00c8QUES<\/a><\/h6>\n<p>[\/vc_column_text][\/vc_column_inner][vc_column_inner width=&#8221;1\/4&#8243;][vc_single_image image=&#8221;2879&#8243; img_size=&#8221;medium&#8221; alignment=&#8221;center&#8221; onclick=&#8221;custom_link&#8221; img_link_target=&#8221;_blank&#8221; link=&#8221;https:\/\/www.lejdd.fr\/Culture\/malgre-le-deconfinement-le-monde-de-la-nuit-dans-lincertitude-3970906&#8243;][vc_empty_space height=&#8221;18px&#8221;][vc_column_text]<\/p>\n<h6 style=\"text-align: center;\"><a href=\"https:\/\/www.lejdd.fr\/Culture\/malgre-le-deconfinement-le-monde-de-la-nuit-dans-lincertitude-3970906\" target=\"_blank\" rel=\"noopener noreferrer\">MALGR\u00c9 LE D\u00c9CONFINEMENT, LE MONDE DE LA NUIT DANS L&#8217;INCERTITUDE<\/a><\/h6>\n<p>[\/vc_column_text][\/vc_column_inner][vc_column_inner width=&#8221;1\/4&#8243;][vc_single_image image=&#8221;2913&#8243; img_size=&#8221;medium&#8221; alignment=&#8221;center&#8221; onclick=&#8221;custom_link&#8221; img_link_target=&#8221;_blank&#8221; link=&#8221;https:\/\/www.letelegramme.fr\/france\/un-tiers-des-boites-de-nuit-pourrait-disparaitre-en-france-26-05-2020-12557233.php?xtor=EREC-85-`{`PartageAmi`}`-20200528-`{`article`}`&amp;utm_source=partageami-envoi&amp;utm_medium=e-mail&amp;utm_campaign=partageami-envoi&amp;share_auth=7b7f49d47204f120a036f08fcb606300&#8243;][vc_empty_space height=&#8221;14px&#8221;][vc_column_text]<\/p>\n<h6 style=\"text-align: center;\"><a href=\"https:\/\/www.letelegramme.fr\/france\/un-tiers-des-boites-de-nuit-pourrait-disparaitre-en-france-26-05-2020-12557233.php?xtor=EREC-85-[PartageAmi]-20200528-[article]&amp;utm_source=partageami-envoi&amp;utm_medium=e-mail&amp;utm_campaign=partageami-envoi&amp;share_auth=7b7f49d47204f120a036f08fcb606300\" target=\"_blank\" rel=\"noopener noreferrer\">UN TIERS DES BO\u00ceTES DE NUIT POURRAIT DISPARA\u00ceTRE EN FRANCE<\/a><\/h6>\n<p>[\/vc_column_text][vc_column_text]<\/p>\n<h6 style=\"text-align: center;\"><\/h6>\n<p>[\/vc_column_text][\/vc_column_inner][vc_column_inner width=&#8221;1\/4&#8243;][vc_single_image image=&#8221;3024&#8243; img_size=&#8221;medium&#8221; alignment=&#8221;center&#8221; onclick=&#8221;custom_link&#8221; img_link_target=&#8221;_blank&#8221; link=&#8221;http:\/\/france3-regions.francetvinfo.fr\/nouvelle-aquitaine\/gironde\/bordeaux\/covid-19-patrons-discotheques-ne-decolerent-pas-boites-nuit-ne-rouvriront-pas-septembre-au-moins-1844678.html&#8221;][vc_empty_space height=&#8221;8px&#8221;][vc_column_text]<\/p>\n<h6 style=\"text-align: center;\"><a href=\"http:\/\/france3-regions.francetvinfo.fr\/nouvelle-aquitaine\/gironde\/bordeaux\/covid-19-patrons-discotheques-ne-decolerent-pas-boites-nuit-ne-rouvriront-pas-septembre-au-moins-1844678.html\" target=\"_blank\" rel=\"noopener noreferrer\">Covid 19 : les patrons de discoth\u00e8ques ne d\u00e9col\u00e8rent pas, les bo\u00eetes de nuit ne rouvriront pas avant septembre au moins<\/a><\/h6>\n<p>[\/vc_column_text][\/vc_column_inner][\/vc_row_inner][vc_row_inner][vc_column_inner width=&#8221;1\/4&#8243;][\/vc_column_inner][vc_column_inner width=&#8221;1\/4&#8243;][vc_single_image image=&#8221;3024&#8243; img_size=&#8221;medium&#8221; alignment=&#8221;center&#8221; onclick=&#8221;custom_link&#8221; img_link_target=&#8221;_blank&#8221; link=&#8221;https:\/\/france3-regions.francetvinfo.fr\/bourgogne-franche-comte\/cote-d-or\/dijon\/fermeture-boites-nuit-concurrence-bars-ambiance-1863164.html&#8221;][vc_empty_space height=&#8221;8px&#8221;][vc_column_text]<\/p>\n<h6 style=\"text-align: center;\"><a href=\"https:\/\/france3-regions.francetvinfo.fr\/bourgogne-franche-comte\/cote-d-or\/dijon\/fermeture-boites-nuit-concurrence-bars-ambiance-1863164.html\" target=\"_blank\" rel=\"noopener noreferrer\">Fermeture des bo\u00eetes de nuit : la concurrence des bars \u00e0 ambiance<\/a><\/h6>\n<p>[\/vc_column_text][\/vc_column_inner][vc_column_inner width=&#8221;1\/4&#8243;][vc_column_text]<\/p>\n<h6 style=\"text-align: center;\"><\/h6>\n<p>[\/vc_column_text][\/vc_column_inner][vc_column_inner width=&#8221;1\/4&#8243;][\/vc_column_inner][\/vc_row_inner][\/vc_column][\/vc_row]<\/p>\n","protected":false},"excerpt":{"rendered":"<p>[vc_row css=&#8221;.vc_custom_1591793679496{margin-top: 25px !important;}&#8221;][vc_column][vc_column_text] Le Syndicat National des Discoth\u00e8ques et Lieux de Loisirs ainsi que sont pr\u00e9sident Patrick Malva\u00ebs sont apparus dans les publications suivantes. Cliques sur les liens pour lire les articles. (Certains&#8230;<\/p>\n","protected":false},"author":519,"featured_media":0,"parent":0,"menu_order":0,"comment_status":"closed","ping_status":"closed","template":"","meta":{"_mi_skip_tracking":false,"_monsterinsights_sitenote_active":false,"_monsterinsights_sitenote_note":"","_monsterinsights_sitenote_category":0},"_links":{"self":[{"href":"https:\/\/sndll.info\/index.php?rest_route=\/wp\/v2\/pages\/2875"}],"collection":[{"href":"https:\/\/sndll.info\/index.php?rest_route=\/wp\/v2\/pages"}],"about":[{"href":"https:\/\/sndll.info\/index.php?rest_route=\/wp\/v2\/types\/page"}],"author":[{"embeddable":true,"href":"https:\/\/sndll.info\/index.php?rest_route=\/wp\/v2\/users\/519"}],"replies":[{"embeddable":true,"href":"https:\/\/sndll.info\/index.php?rest_route=%2Fwp%2Fv2%2Fcomments&post=2875"}],"version-history":[{"count":19,"href":"https:\/\/sndll.info\/index.php?rest_route=\/wp\/v2\/pages\/2875\/revisions"}],"predecessor-version":[{"id":3895,"href":"https:\/\/sndll.info\/index.php?rest_route=\/wp\/v2\/pages\/2875\/revisions\/3895"}],"wp:attachment":[{"href":"https:\/\/sndll.info\/index.php?rest_route=%2Fwp%2Fv2%2Fmedia&parent=2875"}],"curies":[{"name":"wp","href":"https:\/\/api.w.org\/{rel}","templated":true}]}}